{"id":80459,"date":"2020-08-13T15:04:50","date_gmt":"2020-08-13T19:04:50","guid":{"rendered":"https:\/\/nrsplus.com\/financement-rapide-nrspay\/"},"modified":"2026-03-04T03:41:13","modified_gmt":"2026-03-04T08:41:13","slug":"financement-rapide-nrspay","status":"publish","type":"page","link":"https:\/\/nrsplus.com\/fr\/financement-rapide-nrspay\/","title":{"rendered":"Financement rapide NRSPay"},"content":{"rendered":"<div class=\"row grayrow\" style=\"background-size: cover; background-blend-mode: overlay; background-color: rgba(0,0,0,0.6); height: 200px; background-image: url('\/wp-content\/uploads\/2019\/07\/credit-card.jpg');\">\r\n<div class=\"heading\">\r\n<h1 style=\"padding-top: 50px; color: white; font-size: 35px;\">NRS PAY Financement rapide le jour m\u00eame<\/h1>\r\n<\/div>\r\n&nbsp;\r\n\r\n<\/div>\r\n<div class=\"row\">\r\n<div class=\"container space\">\r\n<div class=\"col-md-14 intro-h1\">\r\n<div class=\"section-1\">\r\n\r\n<img decoding=\"async\" id=\"rapid-logo\" src=\"\/wp-content\/uploads\/2020\/08\/Logo.png\" alt=\"Logo du financement rapide NRS PAY\">\r\n<h2 style=\"text-align: center;\"><span style=\"font-size: 18pt;\">Le financement rapide est d\u00e9sormais possible 365 jours par an &amp;<\/span><\/h2>\r\n<h2 style=\"text-align: center;\"><span style=\"font-size: 30pt; text-decoration: underline;\">PLUS RAPIDE QUE JAMAIS !<\/span><\/h2>\r\n<h2 style=\"text-align: center;\"><span style=\"font-size: 18pt; color: red;\">SEULEMENT 19,95 $\/MOIS.<\/span><\/h2>\r\n<img decoding=\"async\" id=\"circles\" src=\"\/wp-content\/uploads\/2020\/08\/main-image.jpg\" alt=\"Obtenir un financement\" align=\"left\">\r\n<h2 style=\"text-align: left; padding-top: 50px;\"><span style=\"font-size: 18pt;\">Vous voulez de l&rsquo;argent rapidement ?<\/span><\/h2>\r\n<p style=\"text-align: left;\"><span style=\"font-size: 14pt;\">Plus besoin d&rsquo;attendre votre argent ! NRSPAY peut acc\u00e9l\u00e9rer le versement de vos fonds sur votre compte bancaire et maintenir un flux de tr\u00e9sorerie plus rapide pour votre entreprise. D\u00e8s que votre client passe \u00e0 la caisse, vous \u00eates financ\u00e9 dans les heures qui suivent, sans avoir \u00e0 attendre votre argent.  <\/span><\/p>\r\n\r\n<\/div>\r\n<div class=\"section-2\">\r\n<p style=\"text-align: center;\"><span style=\"font-size: 14pt;\"><b>NRS PAY Rapid Same Day Funding<\/b> permet de financer vos transactions par carte de cr\u00e9dit\r\n, avec un d\u00e9lai d&rsquo;attente minimal, par l&rsquo;interm\u00e9diaire des banques participantes.<\/span><\/p>\r\n<p style=\"text-align: center; padding-top: 30px;\"><span class=\"red\">AJOUTEZ CECI \u00c0 VOTRE COMPTE NRS PAY -OU- INSCRIVEZ-VOUS \u00c0 NRS PAY<\/span><\/p>\r\n&nbsp;\r\n<p style=\"text-align: center; padding-top: 5px; padding-bottom: 30px;\"><span style=\"font-size: 14pt;\"><b style=\"background-color: yellow;\">POUR UN FINANCEMENT RAPIDE LE JOUR M\u00caME, <a href=\"tel:8332892767\">APPELEZ LE (833) 289-2767<\/a><\/b><\/span><\/p>\r\n<p class=\"text-center\"><img decoding=\"async\" class=\"img-responsive\" style=\"margin-left: auto; margin-right: auto; margin-bottom: 50px;\" src=\"\/wp-content\/uploads\/2020\/09\/RapidFundingParticipatingBanks.png\" alt=\"Financement rapide Banques participantes\"><\/p>\r\n<p style=\"text-align: left;\"><span style=\"font-size: 14px;\">*Le financement rapide le jour m\u00eame est un service suppl\u00e9mentaire fourni par NRS Pay \u00e0 ses clients, et est soumis \u00e0 des conditions et des prix suppl\u00e9mentaires. Ce service ne fonctionne qu&rsquo;avec certaines banques. Les d\u00e9lais de financement sont des estimations. Consultez le site nrsplus.com\/rapid-funding pour plus de d\u00e9tails.    NRS Pay est un service de National Retail Solutions, Inc. National Retail Solutions, Inc. est un MSP\/ISO enregistr\u00e9 d&rsquo;Elavon, Inc, Georgia, une filiale \u00e0 part enti\u00e8re de U.S. Bancorp, Minneapolis, MN.<\/span><\/p>\r\n<p style=\"text-align: left; font-size: 14px;\">*NRS Pay est un service de National Retail Solutions, Inc. Contrat requis. Frais de service mensuels selon le plan ; Certaines fonctions ne sont pas standard et peuvent n\u00e9cessiter des frais suppl\u00e9mentaires. L&rsquo;assurance du terminal est optionnelle (6,95 $\/mois).  L&rsquo;\u00e9quipement doit \u00eatre retourn\u00e9 en bon \u00e9tat de fonctionnement au moment de la r\u00e9siliation ou des frais de 350 $ par appareil seront impos\u00e9s Les conditions peuvent \u00eatre modifi\u00e9es. Le programme d&rsquo;escompte NRS Pay Cash est un service suppl\u00e9mentaire premium qui est soumis \u00e0 une structure de frais diff\u00e9rente et \u00e0 des conditions suppl\u00e9mentaires ; des frais mensuels de 49,95 $ s&rsquo;appliquent ; les frais sont supprim\u00e9s si le traitement est sup\u00e9rieur \u00e0 18 000 $\/mois ; le commer\u00e7ant doit se conformer \u00e0 toutes les lois applicables et aux conditions du r\u00e9seau de paiement. Un poste de travail POS est requis avec un contrat s\u00e9par\u00e9 (renseignez-vous pour plus de d\u00e9tails). National Retail Solutions, Inc. est un MSP\/ISO enregistr\u00e9 d&rsquo;Elavon, Inc, Georgia, une filiale \u00e0 part enti\u00e8re de U.S. Bancorp, Minneapolis, MN, un ISO\/MSP enregistr\u00e9 de Commercial Bank of California, Irvine, CA, et un ISO enregistr\u00e9 de Wells Fargo Bank, N.A., Concord, CA.   IDT Telecom Canada Corp. est un MSP\/ISO enregistr\u00e9 d&rsquo;Elavon Inc. en G\u00e9orgie, une filiale \u00e0 part enti\u00e8re de U.S. Bancorp, Minneapolis, MN. Pour conna\u00eetre les conditions et les prix complets, consultez www.nrspay.com et\/ou www.nrsplus.com\/canada\/.<\/p>\r\n\r\n<\/div>\r\n<\/div>\r\n<\/div>\r\n<\/div>","protected":false},"excerpt":{"rendered":"NRS PAY Financement rapide le jour m\u00eame &nbsp; Le financement rapide est d\u00e9sormais possible 365 jours par an &amp; PLUS [&hellip;]","protected":false},"author":415,"featured_media":0,"parent":0,"menu_order":0,"comment_status":"closed","ping_status":"closed","template":"","meta":{"_acf_changed":false,"footnotes":""},"tags":[],"class_list":["post-80459","page","type-page","status-publish","hentry"],"acf":[],"yoast_head":"<!-- This site is optimized with the Yoast SEO Premium plugin v27.3 (Yoast SEO v27.3) - https:\/\/yoast.com\/product\/yoast-seo-premium-wordpress\/ -->\n<title>NRS Pay Rapid Same Day Funding | NRS<\/title>\n<meta name=\"description\" content=\"Obtenez un financement rapide le jour m\u00eame avec NRS Pay. Plus besoin d&#039;attendre l&#039;argent ! Acc\u00e9l\u00e9rez votre financement et maintenez un flux de tr\u00e9sorerie plus rapide pour votre entreprise.\" \/>\n<meta name=\"robots\" content=\"index, follow, max-snippet:-1, max-image-preview:large, max-video-preview:-1\" \/>\n<link rel=\"canonical\" href=\"https:\/\/nrsplus.com\/fr\/financement-rapide-nrspay\/\" \/>\n<meta property=\"og:locale\" content=\"fr_FR\" \/>\n<meta property=\"og:type\" content=\"article\" \/>\n<meta property=\"og:title\" content=\"Financement rapide NRSPay\" \/>\n<meta property=\"og:description\" content=\"Obtenez un financement rapide le jour m\u00eame avec NRS Pay. Plus besoin d&#039;attendre l&#039;argent ! Acc\u00e9l\u00e9rez votre financement et maintenez un flux de tr\u00e9sorerie plus rapide pour votre entreprise.\" \/>\n<meta property=\"og:url\" content=\"https:\/\/nrsplus.com\/fr\/financement-rapide-nrspay\/\" \/>\n<meta property=\"og:site_name\" content=\"National Retail Solutions\" \/>\n<meta property=\"article:modified_time\" content=\"2026-03-04T08:41:13+00:00\" \/>\n<meta property=\"og:image\" content=\"https:\/\/nrsplus.com\/wp-content\/uploads\/2023\/06\/img-nrs2-min.jpg\" \/>\n\t<meta property=\"og:image:width\" content=\"1000\" \/>\n\t<meta property=\"og:image:height\" content=\"523\" \/>\n\t<meta property=\"og:image:type\" content=\"image\/jpeg\" \/>\n<meta name=\"twitter:card\" content=\"summary_large_image\" \/>\n<meta name=\"twitter:label1\" content=\"Dur\u00e9e de lecture estim\u00e9e\" \/>\n\t<meta name=\"twitter:data1\" content=\"3 minutes\" \/>\n<script type=\"application\/ld+json\" class=\"yoast-schema-graph\">{\"@context\":\"https:\\\/\\\/schema.org\",\"@graph\":[{\"@type\":\"WebPage\",\"@id\":\"https:\\\/\\\/nrsplus.com\\\/fr\\\/financement-rapide-nrspay\\\/\",\"url\":\"https:\\\/\\\/nrsplus.com\\\/fr\\\/financement-rapide-nrspay\\\/\",\"name\":\"NRS Pay Rapid Same Day Funding | NRS\",\"isPartOf\":{\"@id\":\"https:\\\/\\\/nrsplus.com\\\/fr\\\/#website\"},\"datePublished\":\"2020-08-13T19:04:50+00:00\",\"dateModified\":\"2026-03-04T08:41:13+00:00\",\"description\":\"Obtenez un financement rapide le jour m\u00eame avec NRS Pay. Plus besoin d'attendre l'argent ! Acc\u00e9l\u00e9rez votre financement et maintenez un flux de tr\u00e9sorerie plus rapide pour votre entreprise.\",\"breadcrumb\":{\"@id\":\"https:\\\/\\\/nrsplus.com\\\/fr\\\/financement-rapide-nrspay\\\/#breadcrumb\"},\"inLanguage\":\"fr-FR\",\"potentialAction\":[{\"@type\":\"ReadAction\",\"target\":[\"https:\\\/\\\/nrsplus.com\\\/fr\\\/financement-rapide-nrspay\\\/\"]}]},{\"@type\":\"BreadcrumbList\",\"@id\":\"https:\\\/\\\/nrsplus.com\\\/fr\\\/financement-rapide-nrspay\\\/#breadcrumb\",\"itemListElement\":[{\"@type\":\"ListItem\",\"position\":1,\"name\":\"Home\",\"item\":\"https:\\\/\\\/nrsplus.com\\\/fr\\\/\"},{\"@type\":\"ListItem\",\"position\":2,\"name\":\"Financement rapide NRSPay\"}]},{\"@type\":\"WebSite\",\"@id\":\"https:\\\/\\\/nrsplus.com\\\/fr\\\/#website\",\"url\":\"https:\\\/\\\/nrsplus.com\\\/fr\\\/\",\"name\":\"National Retail Solutions\",\"description\":\"The All-in-one Point Of Sale System For Your Retail Business\",\"potentialAction\":[{\"@type\":\"SearchAction\",\"target\":{\"@type\":\"EntryPoint\",\"urlTemplate\":\"https:\\\/\\\/nrsplus.com\\\/fr\\\/?s={search_term_string}\"},\"query-input\":{\"@type\":\"PropertyValueSpecification\",\"valueRequired\":true,\"valueName\":\"search_term_string\"}}],\"inLanguage\":\"fr-FR\"}]}<\/script>\n<!-- \/ Yoast SEO Premium plugin. -->","yoast_head_json":{"title":"NRS Pay Rapid Same Day Funding | NRS","description":"Obtenez un financement rapide le jour m\u00eame avec NRS Pay. Plus besoin d'attendre l'argent ! Acc\u00e9l\u00e9rez votre financement et maintenez un flux de tr\u00e9sorerie plus rapide pour votre entreprise.","robots":{"index":"index","follow":"follow","max-snippet":"max-snippet:-1","max-image-preview":"max-image-preview:large","max-video-preview":"max-video-preview:-1"},"canonical":"https:\/\/nrsplus.com\/fr\/financement-rapide-nrspay\/","og_locale":"fr_FR","og_type":"article","og_title":"Financement rapide NRSPay","og_description":"Obtenez un financement rapide le jour m\u00eame avec NRS Pay. Plus besoin d'attendre l'argent ! Acc\u00e9l\u00e9rez votre financement et maintenez un flux de tr\u00e9sorerie plus rapide pour votre entreprise.","og_url":"https:\/\/nrsplus.com\/fr\/financement-rapide-nrspay\/","og_site_name":"National Retail Solutions","article_modified_time":"2026-03-04T08:41:13+00:00","og_image":[{"width":1000,"height":523,"url":"https:\/\/nrsplus.com\/wp-content\/uploads\/2023\/06\/img-nrs2-min.jpg","type":"image\/jpeg"}],"twitter_card":"summary_large_image","twitter_misc":{"Dur\u00e9e de lecture estim\u00e9e":"3 minutes"},"schema":{"@context":"https:\/\/schema.org","@graph":[{"@type":"WebPage","@id":"https:\/\/nrsplus.com\/fr\/financement-rapide-nrspay\/","url":"https:\/\/nrsplus.com\/fr\/financement-rapide-nrspay\/","name":"NRS Pay Rapid Same Day Funding | NRS","isPartOf":{"@id":"https:\/\/nrsplus.com\/fr\/#website"},"datePublished":"2020-08-13T19:04:50+00:00","dateModified":"2026-03-04T08:41:13+00:00","description":"Obtenez un financement rapide le jour m\u00eame avec NRS Pay. Plus besoin d'attendre l'argent ! Acc\u00e9l\u00e9rez votre financement et maintenez un flux de tr\u00e9sorerie plus rapide pour votre entreprise.","breadcrumb":{"@id":"https:\/\/nrsplus.com\/fr\/financement-rapide-nrspay\/#breadcrumb"},"inLanguage":"fr-FR","potentialAction":[{"@type":"ReadAction","target":["https:\/\/nrsplus.com\/fr\/financement-rapide-nrspay\/"]}]},{"@type":"BreadcrumbList","@id":"https:\/\/nrsplus.com\/fr\/financement-rapide-nrspay\/#breadcrumb","itemListElement":[{"@type":"ListItem","position":1,"name":"Home","item":"https:\/\/nrsplus.com\/fr\/"},{"@type":"ListItem","position":2,"name":"Financement rapide NRSPay"}]},{"@type":"WebSite","@id":"https:\/\/nrsplus.com\/fr\/#website","url":"https:\/\/nrsplus.com\/fr\/","name":"National Retail Solutions","description":"The All-in-one Point Of Sale System For Your Retail Business","potentialAction":[{"@type":"SearchAction","target":{"@type":"EntryPoint","urlTemplate":"https:\/\/nrsplus.com\/fr\/?s={search_term_string}"},"query-input":{"@type":"PropertyValueSpecification","valueRequired":true,"valueName":"search_term_string"}}],"inLanguage":"fr-FR"}]}},"_links":{"self":[{"href":"https:\/\/nrsplus.com\/fr\/wp-json\/wp\/v2\/pages\/80459","targetHints":{"allow":["GET"]}}],"collection":[{"href":"https:\/\/nrsplus.com\/fr\/wp-json\/wp\/v2\/pages"}],"about":[{"href":"https:\/\/nrsplus.com\/fr\/wp-json\/wp\/v2\/types\/page"}],"author":[{"embeddable":true,"href":"https:\/\/nrsplus.com\/fr\/wp-json\/wp\/v2\/users\/415"}],"replies":[{"embeddable":true,"href":"https:\/\/nrsplus.com\/fr\/wp-json\/wp\/v2\/comments?post=80459"}],"version-history":[{"count":0,"href":"https:\/\/nrsplus.com\/fr\/wp-json\/wp\/v2\/pages\/80459\/revisions"}],"wp:attachment":[{"href":"https:\/\/nrsplus.com\/fr\/wp-json\/wp\/v2\/media?parent=80459"}],"wp:term":[{"taxonomy":"post_tag","embeddable":true,"href":"https:\/\/nrsplus.com\/fr\/wp-json\/wp\/v2\/tags?post=80459"}],"curies":[{"name":"wp","href":"https:\/\/api.w.org\/{rel}","templated":true}]}}