{"id":49073,"date":"2020-08-13T15:04:50","date_gmt":"2020-08-13T19:04:50","guid":{"rendered":"https:\/\/nrsplus.com\/financiacion-rapida-nrspay\/"},"modified":"2024-03-26T14:50:15","modified_gmt":"2024-03-26T18:50:15","slug":"financiacion-rapida-nrspay","status":"publish","type":"page","link":"https:\/\/nrsplus.com\/es\/financiacion-rapida-nrspay\/","title":{"rendered":"Financiaci\u00f3n r\u00e1pida NRSPay"},"content":{"rendered":"<div class=\"row grayrow\" style=\"background-size: cover;background-blend-mode: overlay; background-color: rgba(0,0,0,0.6); height: 200px;background-image: url(\/wp-content\/uploads\/2019\/07\/credit-card.jpg)\">\r\n\r\n\r\n<div class=\"heading\">\r\n<h1 style=\"padding-top:50px;color: white;font-size: 35px\">NRS PAY Financiaci\u00f3n r\u00e1pida en el mismo d\u00eda<\/h1>\r\n<\/div>\r\n<p>&nbsp;<\/p>\r\n\r\n<\/div>\r\n<div class=\"row\">\r\n<div class=\"container space\">\r\n<div class=\"col-md-14 intro-h1\">\r\n\r\n<div class=\"section-1\">\r\n<img decoding=\"async\" src=\"\/wp-content\/uploads\/2020\/08\/Logo.png\" id=\"rapid-logo\" alt=\"Logotipo de NRS PAY Rapid Funding\">\r\n<h2 style=\"text-align: center\"><span style=\"font-size: 18pt\">La financiaci\u00f3n r\u00e1pida es ahora 365 d\u00edas al a\u00f1o &amp;<\/span><\/h2>\r\n<h2 style=\"text-align: center\"><span style=\"font-size: 30pt;text-decoration: underline\">\u00a1m\u00e1s r\u00e1pido que nunca!<\/span><\/h2>\r\n<h2 style=\"text-align: center\"><span style=\"font-size: 18pt;color:red\">S\u00d3LO 19,95 $\/MES.<\/span><\/h2>\r\n\r\n\r\n<p><img decoding=\"async\" id=\"circles\" src=\"\/wp-content\/uploads\/2020\/08\/main-image.jpg\" align=\"left\" alt=\"Consigue financiaci\u00f3n\"><\/p>\r\n<h2 style=\"text-align: left;padding-top: 50px\"><span style=\"font-size: 18pt\">\u00bfQuieres tu dinero r\u00e1pido?<\/span><\/h2>\r\n<p style=\"text-align: left\"><span style=\"font-size: 14pt\">No esperes m\u00e1s por tu dinero; NRSPAY puede adelantar su financiaci\u00f3n a su cuenta bancaria y mantener un flujo de caja m\u00e1s r\u00e1pido para su negocio; Desde el momento en que su cliente pase la tarjeta, usted dispondr\u00e1 de fondos en cuesti\u00f3n de horas, sin tener que esperar a recibir su dinero<\/span><\/p>\r\n<\/div>\r\n\r\n<div class=\"section-2\">\r\n\r\n<p style=\"text-align: center\"><span style=\"font-size: 14pt\"><b>NRS PAY Rapid Same Day Funding<\/b> consigue que su transacci\u00f3n con tarjeta de cr\u00e9dito\r\ndinero financiado, con una espera m\u00ednima por retraso, a trav\u00e9s de los bancos participantes.<\/span><\/p>\r\n\r\n<p style=\"text-align: center;padding-top: 30px\"><span class=\"red\">A\u00d1ADE ESTO A TU CUENTA DE NRS PAY -O- INSCR\u00cdBETE EN NRS PAY<\/span><\/p><br>\r\n<p style=\"text-align: center;padding-top: 5px;padding-bottom: 30px\"><span style=\"font-size: 14pt\"><b style=\"background-color: yellow\">PARA FINANCIACI\u00d3N R\u00c1PIDA EN EL MISMO D\u00cdA, <a href=\"tel:8332892767\">Llame al (833) 289-2767<\/a><\/b><\/span><\/p>\r\n\r\n<p><img decoding=\"async\" src=\"\/wp-content\/uploads\/2020\/09\/RapidFundingParticipatingBanks.png\" style=\"margin-left: auto;margin-right: auto;margin-bottom: 50px\" class=\"img-responsive\" alt=\"Financiaci\u00f3n r\u00e1pida Bancos participantes\"><\/p>\r\n\r\n<p style=\"text-align: left\"><span style=\"font-size: 8pt\">*La financiaci\u00f3n r\u00e1pida en el mismo d\u00eda es un servicio adicional que NRS Pay ofrece a sus clientes y est\u00e1 sujeto a t\u00e9rminos, condiciones y precios adicionales; El servicio s\u00f3lo funciona con determinados bancos; Los plazos de financiaci\u00f3n son estimativos; Consulte nrsplus.com\/rapid-funding para obtener m\u00e1s informaci\u00f3n; NRS Pay es un servicio de National Retail Solutions, Inc. National Retail Solutions, Inc. es un MSP\/ISO registrado de Elavon, Inc., Georgia, una filial propiedad al 100% de U.S. Bancorp, Minneapolis, MN.<\/span><\/p>\r\n\r\n<\/div>\r\n\r\n<\/div>\r\n<\/div>\r\n<\/div>","protected":false},"excerpt":{"rendered":"NRS PAY Financiaci\u00f3n r\u00e1pida en el mismo d\u00eda &nbsp; La financiaci\u00f3n r\u00e1pida es ahora 365 d\u00edas al a\u00f1o &amp; \u00a1m\u00e1s [&hellip;]","protected":false},"author":415,"featured_media":0,"parent":0,"menu_order":0,"comment_status":"closed","ping_status":"closed","template":"","meta":{"_acf_changed":false,"footnotes":""},"tags":[],"class_list":["post-49073","page","type-page","status-publish","hentry"],"acf":[],"yoast_head":"<!-- This site is optimized with the Yoast SEO Premium plugin v27.3 (Yoast SEO v27.3) - https:\/\/yoast.com\/product\/yoast-seo-premium-wordpress\/ -->\n<title>NRS Pay Financiaci\u00f3n r\u00e1pida en el mismo d\u00eda | NRS<\/title>\n<meta name=\"description\" content=\"Obtenga financiaci\u00f3n r\u00e1pida en el mismo d\u00eda con NRS Pay. No m\u00e1s esperas por dinero; Acelere su financiaci\u00f3n y mantenga un flujo de caja m\u00e1s r\u00e1pido para su negocio;\" \/>\n<meta name=\"robots\" content=\"index, follow, max-snippet:-1, max-image-preview:large, max-video-preview:-1\" \/>\n<link rel=\"canonical\" href=\"https:\/\/nrsplus.com\/es\/financiacion-rapida-nrspay\/\" \/>\n<meta property=\"og:locale\" content=\"es_ES\" \/>\n<meta property=\"og:type\" content=\"article\" \/>\n<meta property=\"og:title\" content=\"Financiaci\u00f3n r\u00e1pida NRSPay\" \/>\n<meta property=\"og:description\" content=\"Obtenga financiaci\u00f3n r\u00e1pida en el mismo d\u00eda con NRS Pay. No m\u00e1s esperas por dinero; Acelere su financiaci\u00f3n y mantenga un flujo de caja m\u00e1s r\u00e1pido para su negocio;\" \/>\n<meta property=\"og:url\" content=\"https:\/\/nrsplus.com\/es\/financiacion-rapida-nrspay\/\" \/>\n<meta property=\"og:site_name\" content=\"National Retail Solutions\" \/>\n<meta property=\"article:modified_time\" content=\"2024-03-26T18:50:15+00:00\" \/>\n<meta property=\"og:image\" content=\"https:\/\/nrsplus.com\/wp-content\/uploads\/2023\/06\/img-nrs2-min.jpg\" \/>\n\t<meta property=\"og:image:width\" content=\"1000\" \/>\n\t<meta property=\"og:image:height\" content=\"523\" \/>\n\t<meta property=\"og:image:type\" content=\"image\/jpeg\" \/>\n<meta name=\"twitter:card\" content=\"summary_large_image\" \/>\n<meta name=\"twitter:label1\" content=\"Tiempo de lectura\" \/>\n\t<meta name=\"twitter:data1\" content=\"2 minutos\" \/>\n<script type=\"application\/ld+json\" class=\"yoast-schema-graph\">{\"@context\":\"https:\\\/\\\/schema.org\",\"@graph\":[{\"@type\":\"WebPage\",\"@id\":\"https:\\\/\\\/nrsplus.com\\\/es\\\/financiacion-rapida-nrspay\\\/\",\"url\":\"https:\\\/\\\/nrsplus.com\\\/es\\\/financiacion-rapida-nrspay\\\/\",\"name\":\"NRS Pay Financiaci\u00f3n r\u00e1pida en el mismo d\u00eda | NRS\",\"isPartOf\":{\"@id\":\"https:\\\/\\\/nrsplus.com\\\/es\\\/#website\"},\"datePublished\":\"2020-08-13T19:04:50+00:00\",\"dateModified\":\"2024-03-26T18:50:15+00:00\",\"description\":\"Obtenga financiaci\u00f3n r\u00e1pida en el mismo d\u00eda con NRS Pay. No m\u00e1s esperas por dinero; Acelere su financiaci\u00f3n y mantenga un flujo de caja m\u00e1s r\u00e1pido para su negocio;\",\"breadcrumb\":{\"@id\":\"https:\\\/\\\/nrsplus.com\\\/es\\\/financiacion-rapida-nrspay\\\/#breadcrumb\"},\"inLanguage\":\"es\",\"potentialAction\":[{\"@type\":\"ReadAction\",\"target\":[\"https:\\\/\\\/nrsplus.com\\\/es\\\/financiacion-rapida-nrspay\\\/\"]}]},{\"@type\":\"BreadcrumbList\",\"@id\":\"https:\\\/\\\/nrsplus.com\\\/es\\\/financiacion-rapida-nrspay\\\/#breadcrumb\",\"itemListElement\":[{\"@type\":\"ListItem\",\"position\":1,\"name\":\"Home\",\"item\":\"https:\\\/\\\/nrsplus.com\\\/es\\\/\"},{\"@type\":\"ListItem\",\"position\":2,\"name\":\"Financiaci\u00f3n r\u00e1pida NRSPay\"}]},{\"@type\":\"WebSite\",\"@id\":\"https:\\\/\\\/nrsplus.com\\\/es\\\/#website\",\"url\":\"https:\\\/\\\/nrsplus.com\\\/es\\\/\",\"name\":\"National Retail Solutions\",\"description\":\"The All-in-one Point Of Sale System For Your Retail Business\",\"potentialAction\":[{\"@type\":\"SearchAction\",\"target\":{\"@type\":\"EntryPoint\",\"urlTemplate\":\"https:\\\/\\\/nrsplus.com\\\/es\\\/?s={search_term_string}\"},\"query-input\":{\"@type\":\"PropertyValueSpecification\",\"valueRequired\":true,\"valueName\":\"search_term_string\"}}],\"inLanguage\":\"es\"}]}<\/script>\n<!-- \/ Yoast SEO Premium plugin. -->","yoast_head_json":{"title":"NRS Pay Financiaci\u00f3n r\u00e1pida en el mismo d\u00eda | NRS","description":"Obtenga financiaci\u00f3n r\u00e1pida en el mismo d\u00eda con NRS Pay. No m\u00e1s esperas por dinero; Acelere su financiaci\u00f3n y mantenga un flujo de caja m\u00e1s r\u00e1pido para su negocio;","robots":{"index":"index","follow":"follow","max-snippet":"max-snippet:-1","max-image-preview":"max-image-preview:large","max-video-preview":"max-video-preview:-1"},"canonical":"https:\/\/nrsplus.com\/es\/financiacion-rapida-nrspay\/","og_locale":"es_ES","og_type":"article","og_title":"Financiaci\u00f3n r\u00e1pida NRSPay","og_description":"Obtenga financiaci\u00f3n r\u00e1pida en el mismo d\u00eda con NRS Pay. No m\u00e1s esperas por dinero; Acelere su financiaci\u00f3n y mantenga un flujo de caja m\u00e1s r\u00e1pido para su negocio;","og_url":"https:\/\/nrsplus.com\/es\/financiacion-rapida-nrspay\/","og_site_name":"National Retail Solutions","article_modified_time":"2024-03-26T18:50:15+00:00","og_image":[{"width":1000,"height":523,"url":"https:\/\/nrsplus.com\/wp-content\/uploads\/2023\/06\/img-nrs2-min.jpg","type":"image\/jpeg"}],"twitter_card":"summary_large_image","twitter_misc":{"Tiempo de lectura":"2 minutos"},"schema":{"@context":"https:\/\/schema.org","@graph":[{"@type":"WebPage","@id":"https:\/\/nrsplus.com\/es\/financiacion-rapida-nrspay\/","url":"https:\/\/nrsplus.com\/es\/financiacion-rapida-nrspay\/","name":"NRS Pay Financiaci\u00f3n r\u00e1pida en el mismo d\u00eda | NRS","isPartOf":{"@id":"https:\/\/nrsplus.com\/es\/#website"},"datePublished":"2020-08-13T19:04:50+00:00","dateModified":"2024-03-26T18:50:15+00:00","description":"Obtenga financiaci\u00f3n r\u00e1pida en el mismo d\u00eda con NRS Pay. No m\u00e1s esperas por dinero; Acelere su financiaci\u00f3n y mantenga un flujo de caja m\u00e1s r\u00e1pido para su negocio;","breadcrumb":{"@id":"https:\/\/nrsplus.com\/es\/financiacion-rapida-nrspay\/#breadcrumb"},"inLanguage":"es","potentialAction":[{"@type":"ReadAction","target":["https:\/\/nrsplus.com\/es\/financiacion-rapida-nrspay\/"]}]},{"@type":"BreadcrumbList","@id":"https:\/\/nrsplus.com\/es\/financiacion-rapida-nrspay\/#breadcrumb","itemListElement":[{"@type":"ListItem","position":1,"name":"Home","item":"https:\/\/nrsplus.com\/es\/"},{"@type":"ListItem","position":2,"name":"Financiaci\u00f3n r\u00e1pida NRSPay"}]},{"@type":"WebSite","@id":"https:\/\/nrsplus.com\/es\/#website","url":"https:\/\/nrsplus.com\/es\/","name":"National Retail Solutions","description":"The All-in-one Point Of Sale System For Your Retail Business","potentialAction":[{"@type":"SearchAction","target":{"@type":"EntryPoint","urlTemplate":"https:\/\/nrsplus.com\/es\/?s={search_term_string}"},"query-input":{"@type":"PropertyValueSpecification","valueRequired":true,"valueName":"search_term_string"}}],"inLanguage":"es"}]}},"_links":{"self":[{"href":"https:\/\/nrsplus.com\/es\/wp-json\/wp\/v2\/pages\/49073","targetHints":{"allow":["GET"]}}],"collection":[{"href":"https:\/\/nrsplus.com\/es\/wp-json\/wp\/v2\/pages"}],"about":[{"href":"https:\/\/nrsplus.com\/es\/wp-json\/wp\/v2\/types\/page"}],"author":[{"embeddable":true,"href":"https:\/\/nrsplus.com\/es\/wp-json\/wp\/v2\/users\/415"}],"replies":[{"embeddable":true,"href":"https:\/\/nrsplus.com\/es\/wp-json\/wp\/v2\/comments?post=49073"}],"version-history":[{"count":0,"href":"https:\/\/nrsplus.com\/es\/wp-json\/wp\/v2\/pages\/49073\/revisions"}],"wp:attachment":[{"href":"https:\/\/nrsplus.com\/es\/wp-json\/wp\/v2\/media?parent=49073"}],"wp:term":[{"taxonomy":"post_tag","embeddable":true,"href":"https:\/\/nrsplus.com\/es\/wp-json\/wp\/v2\/tags?post=49073"}],"curies":[{"name":"wp","href":"https:\/\/api.w.org\/{rel}","templated":true}]}}