{"id":48635,"date":"2018-02-09T05:40:07","date_gmt":"2018-02-09T10:40:07","guid":{"rendered":"https:\/\/nrsplus.com\/pongase-en-contacto-con-nosotros\/"},"modified":"2018-02-09T05:40:07","modified_gmt":"2018-02-09T10:40:07","slug":"pongase-en-contacto-con-nosotros","status":"publish","type":"page","link":"https:\/\/nrsplus.com\/es\/pongase-en-contacto-con-nosotros\/","title":{"rendered":"P\u00f3ngase en contacto con nosotros"},"content":{"rendered":"<div class=\"container mb-5\">\n<h1>Contactar con NRS<\/h1>\n<div class=\"row\">\n<div class=\"col-12 col-xs-12 col-md-6 px-4 py-2\" style=\"background-color: #815ca2; border-radius: 8px;\"><script type=\"text\/javascript\">\n\/* <![CDATA[ *\/\nvar gform;gform||(document.addEventListener(\"gform_main_scripts_loaded\",function(){gform.scriptsLoaded=!0}),document.addEventListener(\"gform\/theme\/scripts_loaded\",function(){gform.themeScriptsLoaded=!0}),window.addEventListener(\"DOMContentLoaded\",function(){gform.domLoaded=!0}),gform={domLoaded:!1,scriptsLoaded:!1,themeScriptsLoaded:!1,isFormEditor:()=>\"function\"==typeof InitializeEditor,callIfLoaded:function(o){return!(!gform.domLoaded||!gform.scriptsLoaded||!gform.themeScriptsLoaded&&!gform.isFormEditor()||(gform.isFormEditor()&&console.warn(\"The use of gform.initializeOnLoaded() is deprecated in the form editor context and will be removed in Gravity Forms 3.1.\"),o(),0))},initializeOnLoaded:function(o){gform.callIfLoaded(o)||(document.addEventListener(\"gform_main_scripts_loaded\",()=>{gform.scriptsLoaded=!0,gform.callIfLoaded(o)}),document.addEventListener(\"gform\/theme\/scripts_loaded\",()=>{gform.themeScriptsLoaded=!0,gform.callIfLoaded(o)}),window.addEventListener(\"DOMContentLoaded\",()=>{gform.domLoaded=!0,gform.callIfLoaded(o)}))},hooks:{action:{},filter:{}},addAction:function(o,r,e,t){gform.addHook(\"action\",o,r,e,t)},addFilter:function(o,r,e,t){gform.addHook(\"filter\",o,r,e,t)},doAction:function(o){gform.doHook(\"action\",o,arguments)},applyFilters:function(o){return gform.doHook(\"filter\",o,arguments)},removeAction:function(o,r){gform.removeHook(\"action\",o,r)},removeFilter:function(o,r,e){gform.removeHook(\"filter\",o,r,e)},addHook:function(o,r,e,t,n){null==gform.hooks[o][r]&&(gform.hooks[o][r]=[]);var d=gform.hooks[o][r];null==n&&(n=r+\"_\"+d.length),gform.hooks[o][r].push({tag:n,callable:e,priority:t=null==t?10:t})},doHook:function(r,o,e){var t;if(e=Array.prototype.slice.call(e,1),null!=gform.hooks[r][o]&&((o=gform.hooks[r][o]).sort(function(o,r){return o.priority-r.priority}),o.forEach(function(o){\"function\"!=typeof(t=o.callable)&&(t=window[t]),\"action\"==r?t.apply(null,e):e[0]=t.apply(null,e)})),\"filter\"==r)return e[0]},removeHook:function(o,r,t,n){var e;null!=gform.hooks[o][r]&&(e=(e=gform.hooks[o][r]).filter(function(o,r,e){return!!(null!=n&&n!=o.tag||null!=t&&t!=o.priority)}),gform.hooks[o][r]=e)}});\n\/* ]]> *\/\n<\/script>\n\n                <div class='gf_browser_gecko gform_wrapper gravity-theme gform-theme--no-framework new-form-validation_wrapper' data-form-theme='gravity-theme' data-form-index='0' id='gform_wrapper_203' ><div id='gf_203' class='gform_anchor' tabindex='-1'><\/div>\n                        <div class='gform_heading'>\n\t\t\t\t\t\t\t<p class='gform_required_legend'>&quot;<span class=\"gfield_required gfield_required_asterisk\">*<\/span>&quot; se\u00f1ala los campos obligatorios<\/p>\n                        <\/div><form method='post' enctype='multipart\/form-data' target='gform_ajax_frame_203' id='gform_203' class='new-form-validation' action='\/es\/wp-json\/wp\/v2\/pages\/48635#gf_203' data-formid='203' novalidate>\n                        <div class='gform-body gform_body'><div id='gform_fields_203' class='gform_fields top_label form_sublabel_below description_below validation_below'><div id=\"field_203_9\" class=\"gfield gfield--type-honeypot gform_validation_container field_sublabel_below gfield--has-description field_description_below field_validation_below gfield_visibility_visible\"  ><label class='gfield_label gform-field-label' for='input_203_9'>Name<\/label><div class='ginput_container'><input name='input_9' id='input_203_9' type='text' value='' autocomplete='new-password'\/><\/div><div class='gfield_description' id='gfield_description_203_9'>Este campo es un campo de validaci\u00f3n y debe quedar sin cambios.<\/div><\/div><div id=\"field_203_4\" class=\"gfield gfield--type-text pe-0 gfield_contains_required field_sublabel_below gfield--no-description field_description_below field_validation_below gfield_visibility_visible\"  ><label class='gfield_label gform-field-label' for='input_203_4'>Nombre<span class=\"gfield_required\"><span class=\"gfield_required gfield_required_asterisk\">*<\/span><\/span><\/label><div class='ginput_container ginput_container_text'><input name='input_4' id='input_203_4' type='text' value='' class='large'     aria-required=\"true\" aria-invalid=\"false\"   \/><\/div><\/div><div id=\"field_203_5\" class=\"gfield gfield--type-phone pe-0 gfield_contains_required field_sublabel_below gfield--has-description field_description_below field_validation_below gfield_visibility_visible\"  ><label class='gfield_label gform-field-label' for='input_203_5'>Tel\u00e9fono<span class=\"gfield_required\"><span class=\"gfield_required gfield_required_asterisk\">*<\/span><\/span><\/label><div class='ginput_container ginput_container_phone'><input name='input_5' id='input_203_5' type='tel' value='' class='large'   aria-required=\"true\" aria-invalid=\"false\" aria-describedby=\"gfield_description_203_5\"  \/><\/div><div class='gfield_description' id='gfield_description_203_5'>Nota: s\u00f3lo para EE.UU. y Canad\u00e1<\/div><\/div><div id=\"field_203_6\" class=\"gfield gfield--type-email pe-0 gfield_contains_required field_sublabel_below gfield--no-description field_description_below field_validation_below gfield_visibility_visible\"  ><label class='gfield_label gform-field-label' for='input_203_6'>Correo electr\u00f3nico<span class=\"gfield_required\"><span class=\"gfield_required gfield_required_asterisk\">*<\/span><\/span><\/label><div class='ginput_container ginput_container_email'>\n                            <input name='input_6' id='input_203_6' type='email' value='' class='large'    aria-required=\"true\" aria-invalid=\"false\"  \/>\n                        <\/div><\/div><div id=\"field_203_7\" class=\"gfield gfield--type-select pe-0 gfield_contains_required field_sublabel_below gfield--no-description field_description_below hidden_label field_validation_below gfield_visibility_visible\"  ><label class='gfield_label gform-field-label' for='input_203_7'>Tema\/Asunto<span class=\"gfield_required\"><span class=\"gfield_required gfield_required_asterisk\">*<\/span><\/span><\/label><div class='ginput_container ginput_container_select'><select name='input_7' id='input_203_7' class='large gfield_select'    aria-required=\"true\" aria-invalid=\"false\" ><option value='' selected='selected' class='gf_placeholder'>Tema\/Asunto<\/option><option value='NRS POS System' >NRS POS System<\/option><option value='NRS PAY Credit Card Processing' >NRS PAY Credit Card Processing<\/option><option value='NRS Petro\/Gas Station' >NRS Petro\/Gas Station<\/option><option value='NRS Funding\/Cash Advance' >NRS Funding\/Cash Advance<\/option><option value='EBT Unlimited! &amp; eWIC' >EBT Unlimited! &amp; eWIC<\/option><option value='Boss Revolution\u00ae' >Boss Revolution\u00ae<\/option><option value='Panther Tablet POS' >Panther Tablet POS<\/option><option value='NRS Purple Payroll' >NRS Purple Payroll<\/option><option value='Other' >Otro<\/option><\/select><\/div><\/div><div id=\"field_203_8\" class=\"gfield gfield--type-textarea pe-0 gf-textarea-field gfield_contains_required field_sublabel_below gfield--no-description field_description_below field_validation_below gfield_visibility_visible\"  ><label class='gfield_label gform-field-label' for='input_203_8'>Mensaje<span class=\"gfield_required\"><span class=\"gfield_required gfield_required_asterisk\">*<\/span><\/span><\/label><div class='ginput_container ginput_container_textarea'><textarea name='input_8' id='input_203_8' class='textarea large'   maxlength='200'  aria-required=\"true\" aria-invalid=\"false\"   rows='10' cols='50'><\/textarea><\/div><\/div><\/div><\/div>\n        <div class='gform-footer gform_footer top_label'> <input type='submit' id='gform_submit_button_203' class='gform_button button' onclick='gform.submission.handleButtonClick(this);' data-submission-type='submit' value='Entregar'  \/> <input type='hidden' name='gform_ajax' value='form_id=203&amp;title=&amp;description=&amp;tabindex=0&amp;theme=gravity-theme&amp;styles=[]&amp;hash=76a01c6a2852c5f468ed95624810d5c1' \/>\n            <input type='hidden' class='gform_hidden' name='gform_submission_method' data-js='gform_submission_method_203' value='iframe' \/>\n            <input type='hidden' class='gform_hidden' name='gform_theme' data-js='gform_theme_203' id='gform_theme_203' value='gravity-theme' \/>\n            <input type='hidden' class='gform_hidden' name='gform_style_settings' data-js='gform_style_settings_203' id='gform_style_settings_203' value='[]' \/>\n            <input type='hidden' class='gform_hidden' name='is_submit_203' value='1' \/>\n            <input type='hidden' class='gform_hidden' name='gform_submit' value='203' \/>\n            \n            <input type='hidden' class='gform_hidden' name='gform_currency' data-currency='USD' value='dji+VFN8pGxoyKGUVYDG8o2pfblS9gm4SqRBaekvbFs7ko17AwRS2klRf7fPjBZVGOVHe\/+sWb70LtSsbFgRyClYRMUcyiX6SOSCY4Wq9FKDYiQ=' \/>\n            <input type='hidden' class='gform_hidden' name='gform_unique_id' value='' \/>\n            <input type='hidden' class='gform_hidden' name='state_203' value='WyJbXSIsImU4ZmFkZjY4MTAxYTE4MzkyMWJkNTEzYWU5N2IyMmIyIl0=' \/>\n            <input type='hidden' autocomplete='off' class='gform_hidden' name='gform_target_page_number_203' id='gform_target_page_number_203' value='0' \/>\n            <input type='hidden' autocomplete='off' class='gform_hidden' name='gform_source_page_number_203' id='gform_source_page_number_203' value='1' \/>\n            <input type='hidden' name='gform_field_values' value='' \/>\n            \n        <\/div>\n                        <\/form>\n                        <\/div>\n\t\t                <iframe style='display:none;width:0px;height:0px;' src='about:blank' name='gform_ajax_frame_203' id='gform_ajax_frame_203' title='Este iframe contiene la l\u00f3gica necesaria para gestionar formularios con ajax activado.'><\/iframe>\n\t\t                <script type=\"text\/javascript\">\n\/* <![CDATA[ *\/\n gform.initializeOnLoaded( function() {gformInitSpinner( 203, 'https:\/\/nrsplus.com\/wp-content\/plugins\/gravityforms\/images\/spinner.svg', true );jQuery('#gform_ajax_frame_203').on('load',function(){var contents = jQuery(this).contents().find('*').html();var is_postback = contents.indexOf('GF_AJAX_POSTBACK') >= 0;if(!is_postback){return;}var form_content = jQuery(this).contents().find('#gform_wrapper_203');var is_confirmation = jQuery(this).contents().find('#gform_confirmation_wrapper_203').length > 0;var is_redirect = contents.indexOf('gformRedirect(){') >= 0;var is_form = form_content.length > 0 && ! is_redirect && ! is_confirmation;var mt = parseInt(jQuery('html').css('margin-top'), 10) + parseInt(jQuery('body').css('margin-top'), 10) + 100;if(is_form){jQuery('#gform_wrapper_203').html(form_content.html());if(form_content.hasClass('gform_validation_error')){jQuery('#gform_wrapper_203').addClass('gform_validation_error');} else {jQuery('#gform_wrapper_203').removeClass('gform_validation_error');}setTimeout( function() { \/* delay the scroll by 50 milliseconds to fix a bug in chrome *\/ jQuery(document).scrollTop(jQuery('#gform_wrapper_203').offset().top - mt); }, 50 );if(window['gformInitDatepicker']) {gformInitDatepicker();}if(window['gformInitPriceFields']) {gformInitPriceFields();}var current_page = jQuery('#gform_source_page_number_203').val();gformInitSpinner( 203, 'https:\/\/nrsplus.com\/wp-content\/plugins\/gravityforms\/images\/spinner.svg', true );jQuery(document).trigger('gform_page_loaded', [203, current_page]);window['gf_submitting_203'] = false;}else if(!is_redirect){var confirmation_content = jQuery(this).contents().find('.GF_AJAX_POSTBACK').html();if(!confirmation_content){confirmation_content = contents;}jQuery('#gform_wrapper_203').replaceWith(confirmation_content);jQuery(document).scrollTop(jQuery('#gf_203').offset().top - mt);jQuery(document).trigger('gform_confirmation_loaded', [203]);window['gf_submitting_203'] = false;wp.a11y.speak(jQuery('#gform_confirmation_message_203').text());}else{jQuery('#gform_203').append(contents);if(window['gformRedirect']) {gformRedirect();}}jQuery(document).trigger(\"gform_pre_post_render\", [{ formId: \"203\", currentPage: \"current_page\", abort: function() { this.preventDefault(); } }]);        if (event && event.defaultPrevented) {                return;        }        const gformWrapperDiv = document.getElementById( \"gform_wrapper_203\" );        if ( gformWrapperDiv ) {            const visibilitySpan = document.createElement( \"span\" );            visibilitySpan.id = \"gform_visibility_test_203\";            gformWrapperDiv.insertAdjacentElement( \"afterend\", visibilitySpan );        }        const visibilityTestDiv = document.getElementById( \"gform_visibility_test_203\" );        let postRenderFired = false;        function triggerPostRender() {            if ( postRenderFired ) {                return;            }            postRenderFired = true;            gform.core.triggerPostRenderEvents( 203, current_page );            if ( visibilityTestDiv ) {                visibilityTestDiv.parentNode.removeChild( visibilityTestDiv );            }        }        function debounce( func, wait, immediate ) {            var timeout;            return function() {                var context = this, args = arguments;                var later = function() {                    timeout = null;                    if ( !immediate ) func.apply( context, args );                };                var callNow = immediate && !timeout;                clearTimeout( timeout );                timeout = setTimeout( later, wait );                if ( callNow ) func.apply( context, args );            };        }        const debouncedTriggerPostRender = debounce( function() {            triggerPostRender();        }, 200 );        if ( visibilityTestDiv && visibilityTestDiv.offsetParent === null ) {            const observer = new MutationObserver( ( mutations ) => {                mutations.forEach( ( mutation ) => {                    if ( mutation.type === 'attributes' && visibilityTestDiv.offsetParent !== null ) {                        debouncedTriggerPostRender();                        observer.disconnect();                    }                });            });            observer.observe( document.body, {                attributes: true,                childList: false,                subtree: true,                attributeFilter: [ 'style', 'class' ],            });        } else {            triggerPostRender();        }    } );} ); \n\/* ]]> *\/\n<\/script>\n\n<p style=\"color: white; font-size: 12px;\">**Al enviar la informaci\u00f3n anterior, usted acepta nuestra <a class=\"text-decoration-underline text-white\" href=\"\/privacy-policy\/\" target=\"_blank\" rel=\"noopener\">pol\u00edtica de privacidad<\/a> y los <a class=\"text-decoration-underline text-white\" href=\"\/terms-of-use\/\" target=\"_blank\" rel=\"noopener\">t\u00e9rminos<\/a>, que afectan a sus derechos, y consiente que NRS se ponga en contacto con usted por correo electr\u00f3nico recurrente o llam\u00e1ndole, por mensaje de texto, marcaci\u00f3n directa, utilizando un sistema automatizado o voz pregrabada, y\/o utilizando inteligencia artificial para hablar de los productos y servicios de NRS. El consentimiento no es necesario para recibir ning\u00fan servicio, y puede darse de baja en cualquier momento.<\/p>\n\n<\/div>\n<div class=\"col-12 col-xs-12 col-md-6 d-flex flex-column align-items-center mt-5 mt-lg-0\">\n<div class=\"d-flex flex-column align-items-start\"><img decoding=\"async\" style=\"width: 220px; margin-bottom: 20px;\" src=\"\/wp-content\/uploads\/2019\/01\/nrsidt.png\" alt=\"NRS IDT\">\n<p class=\"text-center text-md-start\"><b>National Retail Solutions, Inc<\/b>\n\nUna divisi\u00f3n de IDT\n\n520 Broad Street Newark, NJ 07102\n\nVentas: (833) 289-2767\n\nSoporte: (800) 215-0931\n\nCorreo electr\u00f3nico: <a href=\"mailto:info@nrsplus.com\">info@nrsplus.com<\/a><\/p>\n\n<\/div>\n<img decoding=\"async\" style=\"width: 300px;\" src=\"\/wp-content\/uploads\/2022\/11\/IMG-contact-us-1-min.jpg\" alt=\"contacto img\">\n\n<\/div>\n<\/div>\n<\/div>","protected":false},"excerpt":{"rendered":"Contactar con NRS **Al enviar la informaci\u00f3n anterior, usted acepta nuestra pol\u00edtica de privacidad y los t\u00e9rminos, que afectan a [&hellip;]","protected":false},"author":415,"featured_media":0,"parent":0,"menu_order":0,"comment_status":"closed","ping_status":"closed","template":"","meta":{"_acf_changed":false,"footnotes":""},"tags":[],"class_list":["post-48635","page","type-page","status-publish","hentry"],"acf":[],"yoast_head":"<!-- This site is optimized with the Yoast SEO Premium plugin v27.4 (Yoast SEO v27.4) - https:\/\/yoast.com\/product\/yoast-seo-premium-wordpress\/ -->\n<title>Contacte con nosotros | Soluciones nacionales para minoristas<\/title>\n<meta name=\"description\" content=\"P\u00f3ngase en contacto con NRS, su soluci\u00f3n integral para sistemas de TPV, financiaci\u00f3n en efectivo, n\u00f3minas, comercio electr\u00f3nico y mucho m\u00e1s.\" \/>\n<meta name=\"robots\" content=\"index, follow, max-snippet:-1, max-image-preview:large, max-video-preview:-1\" \/>\n<link rel=\"canonical\" href=\"https:\/\/nrsplus.com\/es\/pongase-en-contacto-con-nosotros\/\" \/>\n<meta property=\"og:locale\" content=\"es_ES\" \/>\n<meta property=\"og:type\" content=\"article\" \/>\n<meta property=\"og:title\" content=\"P\u00f3ngase en contacto con nosotros\" \/>\n<meta property=\"og:description\" content=\"P\u00f3ngase en contacto con NRS, su soluci\u00f3n integral para sistemas de TPV, financiaci\u00f3n en efectivo, n\u00f3minas, comercio electr\u00f3nico y mucho m\u00e1s.\" \/>\n<meta property=\"og:url\" content=\"https:\/\/nrsplus.com\/es\/pongase-en-contacto-con-nosotros\/\" \/>\n<meta property=\"og:site_name\" content=\"National Retail Solutions\" \/>\n<meta property=\"og:image\" content=\"https:\/\/nrsplus.com\/wp-content\/uploads\/2023\/06\/img-nrs2-min.jpg\" \/>\n\t<meta property=\"og:image:width\" content=\"1000\" \/>\n\t<meta property=\"og:image:height\" content=\"523\" \/>\n\t<meta property=\"og:image:type\" content=\"image\/jpeg\" \/>\n<meta name=\"twitter:card\" content=\"summary_large_image\" \/>\n<meta name=\"twitter:label1\" content=\"Tiempo de lectura\" \/>\n\t<meta name=\"twitter:data1\" content=\"1 minuto\" \/>\n<script type=\"application\/ld+json\" class=\"yoast-schema-graph\">{\"@context\":\"https:\\\/\\\/schema.org\",\"@graph\":[{\"@type\":\"WebPage\",\"@id\":\"https:\\\/\\\/nrsplus.com\\\/es\\\/pongase-en-contacto-con-nosotros\\\/\",\"url\":\"https:\\\/\\\/nrsplus.com\\\/es\\\/pongase-en-contacto-con-nosotros\\\/\",\"name\":\"Contacte con nosotros | Soluciones nacionales para minoristas\",\"isPartOf\":{\"@id\":\"https:\\\/\\\/nrsplus.com\\\/es\\\/#website\"},\"datePublished\":\"2018-02-09T10:40:07+00:00\",\"description\":\"P\u00f3ngase en contacto con NRS, su soluci\u00f3n integral para sistemas de TPV, financiaci\u00f3n en efectivo, n\u00f3minas, comercio electr\u00f3nico y mucho m\u00e1s.\",\"breadcrumb\":{\"@id\":\"https:\\\/\\\/nrsplus.com\\\/es\\\/pongase-en-contacto-con-nosotros\\\/#breadcrumb\"},\"inLanguage\":\"es\",\"potentialAction\":[{\"@type\":\"ReadAction\",\"target\":[\"https:\\\/\\\/nrsplus.com\\\/es\\\/pongase-en-contacto-con-nosotros\\\/\"]}]},{\"@type\":\"BreadcrumbList\",\"@id\":\"https:\\\/\\\/nrsplus.com\\\/es\\\/pongase-en-contacto-con-nosotros\\\/#breadcrumb\",\"itemListElement\":[{\"@type\":\"ListItem\",\"position\":1,\"name\":\"Home\",\"item\":\"https:\\\/\\\/nrsplus.com\\\/es\\\/\"},{\"@type\":\"ListItem\",\"position\":2,\"name\":\"P\u00f3ngase en contacto con nosotros\"}]},{\"@type\":\"WebSite\",\"@id\":\"https:\\\/\\\/nrsplus.com\\\/es\\\/#website\",\"url\":\"https:\\\/\\\/nrsplus.com\\\/es\\\/\",\"name\":\"National Retail Solutions\",\"description\":\"The All-in-one Point Of Sale System For Your Retail Business\",\"potentialAction\":[{\"@type\":\"SearchAction\",\"target\":{\"@type\":\"EntryPoint\",\"urlTemplate\":\"https:\\\/\\\/nrsplus.com\\\/es\\\/?s={search_term_string}\"},\"query-input\":{\"@type\":\"PropertyValueSpecification\",\"valueRequired\":true,\"valueName\":\"search_term_string\"}}],\"inLanguage\":\"es\"}]}<\/script>\n<!-- \/ Yoast SEO Premium plugin. -->","yoast_head_json":{"title":"Contacte con nosotros | Soluciones nacionales para minoristas","description":"P\u00f3ngase en contacto con NRS, su soluci\u00f3n integral para sistemas de TPV, financiaci\u00f3n en efectivo, n\u00f3minas, comercio electr\u00f3nico y mucho m\u00e1s.","robots":{"index":"index","follow":"follow","max-snippet":"max-snippet:-1","max-image-preview":"max-image-preview:large","max-video-preview":"max-video-preview:-1"},"canonical":"https:\/\/nrsplus.com\/es\/pongase-en-contacto-con-nosotros\/","og_locale":"es_ES","og_type":"article","og_title":"P\u00f3ngase en contacto con nosotros","og_description":"P\u00f3ngase en contacto con NRS, su soluci\u00f3n integral para sistemas de TPV, financiaci\u00f3n en efectivo, n\u00f3minas, comercio electr\u00f3nico y mucho m\u00e1s.","og_url":"https:\/\/nrsplus.com\/es\/pongase-en-contacto-con-nosotros\/","og_site_name":"National Retail Solutions","og_image":[{"width":1000,"height":523,"url":"https:\/\/nrsplus.com\/wp-content\/uploads\/2023\/06\/img-nrs2-min.jpg","type":"image\/jpeg"}],"twitter_card":"summary_large_image","twitter_misc":{"Tiempo de lectura":"1 minuto"},"schema":{"@context":"https:\/\/schema.org","@graph":[{"@type":"WebPage","@id":"https:\/\/nrsplus.com\/es\/pongase-en-contacto-con-nosotros\/","url":"https:\/\/nrsplus.com\/es\/pongase-en-contacto-con-nosotros\/","name":"Contacte con nosotros | Soluciones nacionales para minoristas","isPartOf":{"@id":"https:\/\/nrsplus.com\/es\/#website"},"datePublished":"2018-02-09T10:40:07+00:00","description":"P\u00f3ngase en contacto con NRS, su soluci\u00f3n integral para sistemas de TPV, financiaci\u00f3n en efectivo, n\u00f3minas, comercio electr\u00f3nico y mucho m\u00e1s.","breadcrumb":{"@id":"https:\/\/nrsplus.com\/es\/pongase-en-contacto-con-nosotros\/#breadcrumb"},"inLanguage":"es","potentialAction":[{"@type":"ReadAction","target":["https:\/\/nrsplus.com\/es\/pongase-en-contacto-con-nosotros\/"]}]},{"@type":"BreadcrumbList","@id":"https:\/\/nrsplus.com\/es\/pongase-en-contacto-con-nosotros\/#breadcrumb","itemListElement":[{"@type":"ListItem","position":1,"name":"Home","item":"https:\/\/nrsplus.com\/es\/"},{"@type":"ListItem","position":2,"name":"P\u00f3ngase en contacto con nosotros"}]},{"@type":"WebSite","@id":"https:\/\/nrsplus.com\/es\/#website","url":"https:\/\/nrsplus.com\/es\/","name":"National Retail Solutions","description":"The All-in-one Point Of Sale System For Your Retail Business","potentialAction":[{"@type":"SearchAction","target":{"@type":"EntryPoint","urlTemplate":"https:\/\/nrsplus.com\/es\/?s={search_term_string}"},"query-input":{"@type":"PropertyValueSpecification","valueRequired":true,"valueName":"search_term_string"}}],"inLanguage":"es"}]}},"_links":{"self":[{"href":"https:\/\/nrsplus.com\/es\/wp-json\/wp\/v2\/pages\/48635","targetHints":{"allow":["GET"]}}],"collection":[{"href":"https:\/\/nrsplus.com\/es\/wp-json\/wp\/v2\/pages"}],"about":[{"href":"https:\/\/nrsplus.com\/es\/wp-json\/wp\/v2\/types\/page"}],"author":[{"embeddable":true,"href":"https:\/\/nrsplus.com\/es\/wp-json\/wp\/v2\/users\/415"}],"replies":[{"embeddable":true,"href":"https:\/\/nrsplus.com\/es\/wp-json\/wp\/v2\/comments?post=48635"}],"version-history":[{"count":0,"href":"https:\/\/nrsplus.com\/es\/wp-json\/wp\/v2\/pages\/48635\/revisions"}],"wp:attachment":[{"href":"https:\/\/nrsplus.com\/es\/wp-json\/wp\/v2\/media?parent=48635"}],"wp:term":[{"taxonomy":"post_tag","embeddable":true,"href":"https:\/\/nrsplus.com\/es\/wp-json\/wp\/v2\/tags?post=48635"}],"curies":[{"name":"wp","href":"https:\/\/api.w.org\/{rel}","templated":true}]}}